{"id":1177,"date":"2018-05-07T19:44:58","date_gmt":"2018-05-07T19:44:58","guid":{"rendered":"http:\/\/www.alys.com.tr\/mergersacquisitions\/"},"modified":"2020-02-02T20:02:00","modified_gmt":"2020-02-02T20:02:00","slug":"mergersacquisitions","status":"publish","type":"page","link":"https:\/\/www.alys.com.tr\/tr\/mergersacquisitions\/","title":{"rendered":"Birle\u015fme ve Sat\u0131n Almalar"},"content":{"rendered":"<div id='av_section_1'  class='avia-section av-3cbrc0-d1194fec5181d73159af904281ffb7c7 main_color avia-section-large avia-no-border-styling  avia-builder-el-0  el_before_av_layout_row  avia-builder-el-first  avia-bg-style-scroll container_wrap sidebar_right'  ><div class='container av-section-cont-open' ><main  role=\"main\" itemprop=\"mainContentOfPage\"  class='template-page content  av-content-small alpha units'><div class='post-entry post-entry-type-page post-entry-1177'><div class='entry-content-wrapper clearfix'>\n\n<style type=\"text\/css\" data-created_by=\"avia_inline_auto\" id=\"style-css-av-k65g7grb-38ebac671b1bfad0c5bd16a5f37d2d70\">\n#top .av-special-heading.av-k65g7grb-38ebac671b1bfad0c5bd16a5f37d2d70{\npadding-bottom:30px;\ncolor:#8a8a8c;\nfont-size:50px;\n}\nbody .av-special-heading.av-k65g7grb-38ebac671b1bfad0c5bd16a5f37d2d70 .av-special-heading-tag .heading-char{\nfont-size:25px;\n}\n#top #wrap_all .av-special-heading.av-k65g7grb-38ebac671b1bfad0c5bd16a5f37d2d70 .av-special-heading-tag{\nfont-size:50px;\n}\n.av-special-heading.av-k65g7grb-38ebac671b1bfad0c5bd16a5f37d2d70 .special-heading-inner-border{\nborder-color:#8a8a8c;\n}\n.av-special-heading.av-k65g7grb-38ebac671b1bfad0c5bd16a5f37d2d70 .av-subheading{\nfont-size:15px;\n}\n\n@media only screen and (min-width: 480px) and (max-width: 767px){ \n#top #wrap_all .av-special-heading.av-k65g7grb-38ebac671b1bfad0c5bd16a5f37d2d70 .av-special-heading-tag{\nfont-size:0.8em;\n}\n}\n\n@media only screen and (max-width: 479px){ \n#top #wrap_all .av-special-heading.av-k65g7grb-38ebac671b1bfad0c5bd16a5f37d2d70 .av-special-heading-tag{\nfont-size:0.8em;\n}\n}\n<\/style>\n<div  class='av-special-heading av-k65g7grb-38ebac671b1bfad0c5bd16a5f37d2d70 av-special-heading-h1 custom-color-heading blockquote modern-quote  avia-builder-el-1  avia-builder-el-no-sibling  av-thin-font av-inherit-size'><h1 class='av-special-heading-tag '  itemprop=\"headline\"  >Birle\u015fme ve Sat\u0131n Almalar<strong>.<\/strong><\/h1><div class=\"special-heading-border\"><div class=\"special-heading-inner-border\"><\/div><\/div><\/div>\n<\/div><\/div><\/main><!-- close content main element --><\/div><\/div><div id='av-layout-grid-1'  class='av-layout-grid-container av-2fxewo-edd394dd0878515d29811172e247f971 entry-content-wrapper alternate_color av-flex-cells  avia-builder-el-2  el_after_av_section  el_before_av_section  grid-row-not-first  container_wrap sidebar_right'  >\n\n<style type=\"text\/css\" data-created_by=\"avia_inline_auto\" id=\"style-css-av-2b65s8-738f00d38ea4048821da771036f1349e\">\n.flex_cell.av-2b65s8-738f00d38ea4048821da771036f1349e{\nvertical-align:middle;\nbackground:url(https:\/\/www.alys.com.tr\/wp-content\/uploads\/2018\/05\/slider9.jpg) 50% 50% no-repeat scroll ;\n}\n.responsive #top #wrap_all .flex_cell.av-2b65s8-738f00d38ea4048821da771036f1349e{\npadding:0px 0px 0px 0px !important;\n}\n<\/style>\n<div class='flex_cell av-2b65s8-738f00d38ea4048821da771036f1349e av-gridrow-cell av_one_half no_margin  avia-builder-el-3  el_before_av_cell_one_half  avia-builder-el-first  content-align-middle av-zero-padding avia-full-stretch'  ><div class='flex_cell_inner'><\/div><\/div>\n<style type=\"text\/css\" data-created_by=\"avia_inline_auto\" id=\"style-css-av-7l480-56633135dfc1a4d8226b68997f561e6b\">\n.flex_cell.av-7l480-56633135dfc1a4d8226b68997f561e6b{\nvertical-align:middle;\nbackground-color:#666666;\n}\n.responsive #top #wrap_all .flex_cell.av-7l480-56633135dfc1a4d8226b68997f561e6b{\npadding:100px 100px 100px 100px !important;\n}\n<\/style>\n<div class='flex_cell av-7l480-56633135dfc1a4d8226b68997f561e6b av-gridrow-cell av_one_half no_margin  avia-builder-el-4  el_after_av_cell_one_half  avia-builder-el-last  content-align-middle'  ><div class='flex_cell_inner'><p>\n<style type=\"text\/css\" data-created_by=\"avia_inline_auto\" id=\"style-css-av-k65g867h-27d7738e8f293a29967eb58dd131562e\">\n#top .av-special-heading.av-k65g867h-27d7738e8f293a29967eb58dd131562e{\npadding-bottom:20px;\nfont-size:40px;\n}\nbody .av-special-heading.av-k65g867h-27d7738e8f293a29967eb58dd131562e .av-special-heading-tag .heading-char{\nfont-size:25px;\n}\n#top #wrap_all .av-special-heading.av-k65g867h-27d7738e8f293a29967eb58dd131562e .av-special-heading-tag{\nfont-size:40px;\n}\n.av-special-heading.av-k65g867h-27d7738e8f293a29967eb58dd131562e .av-subheading{\nfont-size:15px;\n}\n\n@media only screen and (min-width: 480px) and (max-width: 767px){ \n#top #wrap_all .av-special-heading.av-k65g867h-27d7738e8f293a29967eb58dd131562e .av-special-heading-tag{\nfont-size:0.8em;\n}\n}\n\n@media only screen and (max-width: 479px){ \n#top #wrap_all .av-special-heading.av-k65g867h-27d7738e8f293a29967eb58dd131562e .av-special-heading-tag{\nfont-size:0.8em;\n}\n}\n<\/style>\n<div  class='av-special-heading av-k65g867h-27d7738e8f293a29967eb58dd131562e av-special-heading-h3 blockquote modern-quote  avia-builder-el-5  el_before_av_textblock  avia-builder-el-first  av-thin-font av-inherit-size'><h3 class='av-special-heading-tag '  itemprop=\"headline\"  >Sat\u0131\u015f Taraf\u0131 Dan\u0131\u015fmanl\u0131\u011f\u0131<strong>.<\/strong><\/h3><div class=\"special-heading-border\"><div class=\"special-heading-inner-border\"><\/div><\/div><\/div><br \/>\n\n<style type=\"text\/css\" data-created_by=\"avia_inline_auto\" id=\"style-css-av-1pj49c-5c3ce0b11508753e965a41ef1485ed1c\">\n#top .av_textblock_section.av-1pj49c-5c3ce0b11508753e965a41ef1485ed1c .avia_textblock{\nfont-size:14px;\n}\n<\/style>\n<section  class='av_textblock_section av-1pj49c-5c3ce0b11508753e965a41ef1485ed1c '   itemscope=\"itemscope\" itemtype=\"https:\/\/schema.org\/CreativeWork\" ><div class='avia_textblock'  itemprop=\"text\" ><p>ALYS Capital Partners, orta vadeli i\u015fletme sahiplerine ve bir sat\u0131\u015f i\u015flemi ger\u00e7ekle\u015ftiren yat\u0131r\u0131mc\u0131lara d\u00fcnya standartlar\u0131nda Birle\u015fme ve Sat\u0131n Alma dan\u0131\u015fmanl\u0131\u011f\u0131 hizmetleri sunmaktad\u0131r. Tam ya da k\u0131smi bir \u00e7\u0131k\u0131\u015f yoluyla hissedarlara \u00e7\u00f6z\u00fcm olu\u015fturma konusunda uzman\u0131z. Hem stratejik yat\u0131r\u0131mc\u0131 hem de \u00f6zel sermaye topluluklar\u0131na eri\u015fimimiz geni\u015f ve sekt\u00f6rel ili\u015fkilerimiz kapsaml\u0131d\u0131r. \u0130\u015flem y\u00fcr\u00fctme becerilerimizin ve alan uzmanl\u0131\u011f\u0131m\u0131z\u0131n evlili\u011fi sayesinde, \u00fcst\u00fcn de\u011ferler sunabilir, kapanma h\u0131z\u0131 ve ba\u015far\u0131 olas\u0131l\u0131\u011f\u0131n\u0131 art\u0131rabiliriz.<\/p>\n<\/div><\/section><br \/>\n\n<style type=\"text\/css\" data-created_by=\"avia_inline_auto\" id=\"style-css-av-k65g8nom-ecb2c805c568e7955caa879a68624af2\">\n#top .av-special-heading.av-k65g8nom-ecb2c805c568e7955caa879a68624af2{\npadding-bottom:20px;\nfont-size:40px;\n}\nbody .av-special-heading.av-k65g8nom-ecb2c805c568e7955caa879a68624af2 .av-special-heading-tag .heading-char{\nfont-size:25px;\n}\n#top #wrap_all .av-special-heading.av-k65g8nom-ecb2c805c568e7955caa879a68624af2 .av-special-heading-tag{\nfont-size:40px;\n}\n.av-special-heading.av-k65g8nom-ecb2c805c568e7955caa879a68624af2 .av-subheading{\nfont-size:15px;\n}\n\n@media only screen and (min-width: 480px) and (max-width: 767px){ \n#top #wrap_all .av-special-heading.av-k65g8nom-ecb2c805c568e7955caa879a68624af2 .av-special-heading-tag{\nfont-size:0.8em;\n}\n}\n\n@media only screen and (max-width: 479px){ \n#top #wrap_all .av-special-heading.av-k65g8nom-ecb2c805c568e7955caa879a68624af2 .av-special-heading-tag{\nfont-size:0.8em;\n}\n}\n<\/style>\n<div  class='av-special-heading av-k65g8nom-ecb2c805c568e7955caa879a68624af2 av-special-heading-h3 blockquote modern-quote  avia-builder-el-7  el_after_av_textblock  el_before_av_textblock  av-thin-font av-inherit-size'><h3 class='av-special-heading-tag '  itemprop=\"headline\"  >Sat\u0131n Alma Taraf\u0131 Dan\u0131\u015fmanl\u0131\u011f\u0131<strong>.<\/strong><\/h3><div class=\"special-heading-border\"><div class=\"special-heading-inner-border\"><\/div><\/div><\/div><br \/>\n\n<style type=\"text\/css\" data-created_by=\"avia_inline_auto\" id=\"style-css-av-1pj49c-5c3ce0b11508753e965a41ef1485ed1c\">\n#top .av_textblock_section.av-1pj49c-5c3ce0b11508753e965a41ef1485ed1c .avia_textblock{\nfont-size:14px;\n}\n<\/style>\n<section  class='av_textblock_section av-1pj49c-5c3ce0b11508753e965a41ef1485ed1c '   itemscope=\"itemscope\" itemtype=\"https:\/\/schema.org\/CreativeWork\" ><div class='avia_textblock'  itemprop=\"text\" ><p>ALYS Capital Partners, sekt\u00f6rdeki uzmanl\u0131\u011f\u0131m\u0131zdan yararlanmak isteyen b\u00fcy\u00fck ve orta \u00f6l\u00e7ekli \u015firketlere ve Yat\u0131r\u0131m Fonu destekli portf\u00f6y \u015firketlerine Birle\u015fme ve Sat\u0131n Alma dan\u0131\u015fmanl\u0131\u011f\u0131 hizmeti sunmaktad\u0131r. Ekibimiz, hedef belirleme, de\u011ferleme ve kazan\u00e7 kalitesi incelemesi, ticari ve finansal durum tespiti, m\u00fczakereler ve i\u015flem kapatma s\u00fcreci arac\u0131l\u0131\u011f\u0131yla Birle\u015fme ve Sat\u0131n Alma projelerinin ba\u015far\u0131l\u0131 tamamlanmas\u0131n\u0131 sa\u011flamaktad\u0131r.<\/p>\n<\/div><\/section><\/p>\n<\/div><\/div><\/div>\n<style type=\"text\/css\" data-created_by=\"avia_inline_auto\" id=\"style-css-av-1f8ho0-90c855adca2034dbfec921e74e52d168\">\n.avia-section.av-1f8ho0-90c855adca2034dbfec921e74e52d168{\nbackground-repeat:no-repeat;\nbackground-image:url(https:\/\/www.alys.com.tr\/wp-content\/uploads\/2018\/05\/slider10.jpg);\nbackground-position:50% 50%;\nbackground-attachment:fixed;\n}\n.avia-section.av-1f8ho0-90c855adca2034dbfec921e74e52d168 .av-section-color-overlay{\nopacity:0.8;\nbackground-color:#000000;\n}\n<\/style>\n<div id='av_section_2'  class='avia-section av-1f8ho0-90c855adca2034dbfec921e74e52d168 alternate_color avia-section-huge avia-no-border-styling  avia-builder-el-9  el_after_av_layout_row  avia-builder-el-last  avia-full-stretch avia-bg-style-fixed av-section-color-overlay-active container_wrap sidebar_right'  data-section-bg-repeat='stretch'><div class=\"av-section-color-overlay-wrap\"><div class=\"av-section-color-overlay\"><\/div><div class='container av-section-cont-open' ><div class='template-page content  av-content-small alpha units'><div class='post-entry post-entry-type-page post-entry-1177'><div class='entry-content-wrapper clearfix'>\n\n<style type=\"text\/css\" data-created_by=\"avia_inline_auto\" id=\"style-css-av-14xv2o-e73e457298c939886c34f839161da49b\">\n.flex_column.av-14xv2o-e73e457298c939886c34f839161da49b{\nborder-radius:0px 0px 0px 0px;\npadding:0px 0px 0px 0px;\n}\n<\/style>\n<div  class='flex_column av-14xv2o-e73e457298c939886c34f839161da49b av_one_full  avia-builder-el-10  el_before_av_one_half  avia-builder-el-first  first flex_column_div av-zero-column-padding  '     ><style type=\"text\/css\" data-created_by=\"avia_inline_auto\" id=\"style-css-av-k65g95r7-667a60a09327012286f6f062bb9a969e\">\n#top .av-special-heading.av-k65g95r7-667a60a09327012286f6f062bb9a969e{\npadding-bottom:20px;\nfont-size:50px;\n}\nbody .av-special-heading.av-k65g95r7-667a60a09327012286f6f062bb9a969e .av-special-heading-tag .heading-char{\nfont-size:25px;\n}\n#top #wrap_all .av-special-heading.av-k65g95r7-667a60a09327012286f6f062bb9a969e .av-special-heading-tag{\nfont-size:50px;\n}\n.av-special-heading.av-k65g95r7-667a60a09327012286f6f062bb9a969e .av-subheading{\nfont-size:15px;\n}\n\n@media only screen and (min-width: 480px) and (max-width: 767px){ \n#top #wrap_all .av-special-heading.av-k65g95r7-667a60a09327012286f6f062bb9a969e .av-special-heading-tag{\nfont-size:0.8em;\n}\n}\n\n@media only screen and (max-width: 479px){ \n#top #wrap_all .av-special-heading.av-k65g95r7-667a60a09327012286f6f062bb9a969e .av-special-heading-tag{\nfont-size:0.8em;\n}\n}\n<\/style>\n<div  class='av-special-heading av-k65g95r7-667a60a09327012286f6f062bb9a969e av-special-heading-h1 blockquote modern-quote  avia-builder-el-11  avia-builder-el-no-sibling  av-thin-font av-inherit-size'><h1 class='av-special-heading-tag '  itemprop=\"headline\"  ><strong>\u0130\u015flem T\u00fcrleri<\/strong><\/h1><div class=\"special-heading-border\"><div class=\"special-heading-inner-border\"><\/div><\/div><\/div><\/div>\n<style type=\"text\/css\" data-created_by=\"avia_inline_auto\" id=\"style-css-av-t2ue0-2d3a4b1333c284f8337c02d52db19a03\">\n.flex_column.av-t2ue0-2d3a4b1333c284f8337c02d52db19a03{\nborder-radius:0px 0px 0px 0px;\npadding:0px 0px 0px 0px;\n}\n<\/style>\n<div  class='flex_column av-t2ue0-2d3a4b1333c284f8337c02d52db19a03 av_one_half  avia-builder-el-12  el_after_av_one_full  el_before_av_one_half  first flex_column_div av-zero-column-padding  column-top-margin'     ><div  class='avia-icon-list-container av-jgqs7qhy-8766749409af2e5a96ef3f9fc000620a  avia-builder-el-13  avia-builder-el-no-sibling '><ul class='avia-icon-list avia_animate_when_almost_visible avia-icon-list-left av-iconlist-big av-jgqs7qhy-8766749409af2e5a96ef3f9fc000620a avia-iconlist-animate'>\n<li><div class='iconlist_icon av-av_iconlist_item-8288a4ebefb10a09872f9f4dfb8c14eb avia-font-entypo-fontello avia-iconfont avia-font-entypo-fontello'><span class='av-icon-char' data-av_icon='\ue897' data-av_iconfont='entypo-fontello' aria-hidden=\"true\"><\/span><\/div><article class=\"article-icon-entry av-iconlist-empty\"  itemscope=\"itemscope\" itemtype=\"https:\/\/schema.org\/CreativeWork\" ><div class=\"iconlist_content_wrap\"><header class=\"entry-content-header\" aria-label=\"Icon: Kurumsal Sat\u0131\u015flar\"><h4 class='av_iconlist_title iconlist_title  '  itemprop=\"headline\" >Kurumsal Sat\u0131\u015flar<\/h4><\/header><div class='iconlist_content '  itemprop=\"text\" ><\/div><\/div><footer class=\"entry-footer\"><\/footer><\/article><div class=\"iconlist-timeline\"><\/div><\/li>\n<li><div class='iconlist_icon av-av_iconlist_item-1d941379dc58d75655004df45b064d02 avia-font-entypo-fontello avia-iconfont avia-font-entypo-fontello'><span class='av-icon-char' data-av_icon='\ue897' data-av_iconfont='entypo-fontello' aria-hidden=\"true\"><\/span><\/div><article class=\"article-icon-entry av-iconlist-empty\"  itemscope=\"itemscope\" itemtype=\"https:\/\/schema.org\/CreativeWork\" ><div class=\"iconlist_content_wrap\"><header class=\"entry-content-header\" aria-label=\"Icon: Sermaye Yat\u0131r\u0131mlar\u0131\t\"><h4 class='av_iconlist_title iconlist_title  '  itemprop=\"headline\" >Sermaye Yat\u0131r\u0131mlar\u0131\t<\/h4><\/header><div class='iconlist_content '  itemprop=\"text\" ><\/div><\/div><footer class=\"entry-footer\"><\/footer><\/article><div class=\"iconlist-timeline\"><\/div><\/li>\n<li><div class='iconlist_icon av-av_iconlist_item-9476464b4402e2a57016485beb4751fd avia-font-entypo-fontello avia-iconfont avia-font-entypo-fontello'><span class='av-icon-char' data-av_icon='\ue897' data-av_iconfont='entypo-fontello' aria-hidden=\"true\"><\/span><\/div><article class=\"article-icon-entry av-iconlist-empty\"  itemscope=\"itemscope\" itemtype=\"https:\/\/schema.org\/CreativeWork\" ><div class=\"iconlist_content_wrap\"><header class=\"entry-content-header\" aria-label=\"Icon: Sat\u0131\u015flar\u0131\"><h4 class='av_iconlist_title iconlist_title  '  itemprop=\"headline\" >Sat\u0131\u015flar\u0131<\/h4><\/header><div class='iconlist_content '  itemprop=\"text\" ><\/div><\/div><footer class=\"entry-footer\"><\/footer><\/article><div class=\"iconlist-timeline\"><\/div><\/li>\n<li><div class='iconlist_icon av-av_iconlist_item-fd4d70134c23f9b2045d07c6b657ad88 avia-font-entypo-fontello avia-iconfont avia-font-entypo-fontello'><span class='av-icon-char' data-av_icon='\ue897' data-av_iconfont='entypo-fontello' aria-hidden=\"true\"><\/span><\/div><article class=\"article-icon-entry av-iconlist-empty\"  itemscope=\"itemscope\" itemtype=\"https:\/\/schema.org\/CreativeWork\" ><div class=\"iconlist_content_wrap\"><header class=\"entry-content-header\" aria-label=\"Icon: Stratejik Sat\u0131n Alma \t\"><h4 class='av_iconlist_title iconlist_title  '  itemprop=\"headline\" >Stratejik Sat\u0131n Alma \t<\/h4><\/header><div class='iconlist_content '  itemprop=\"text\" ><\/div><\/div><footer class=\"entry-footer\"><\/footer><\/article><div class=\"iconlist-timeline\"><\/div><\/li>\n<\/ul><\/div><\/div>\n<style type=\"text\/css\" data-created_by=\"avia_inline_auto\" id=\"style-css-av-16tw5c-7f262d82edb210f1325b7c07cf8aa174\">\n.flex_column.av-16tw5c-7f262d82edb210f1325b7c07cf8aa174{\nborder-radius:0px 0px 0px 0px;\npadding:0px 0px 0px 0px;\n}\n<\/style>\n<div  class='flex_column av-16tw5c-7f262d82edb210f1325b7c07cf8aa174 av_one_half  avia-builder-el-14  el_after_av_one_half  avia-builder-el-last  flex_column_div av-zero-column-padding  column-top-margin'     ><div  class='avia-icon-list-container av-jgqs7qhy-8766749409af2e5a96ef3f9fc000620a  avia-builder-el-15  avia-builder-el-no-sibling '><ul class='avia-icon-list avia_animate_when_almost_visible avia-icon-list-left av-iconlist-big av-jgqs7qhy-8766749409af2e5a96ef3f9fc000620a avia-iconlist-animate'>\n<li><div class='iconlist_icon av-av_iconlist_item-98ac03e989bbfc2025e343022a744880 avia-font-entypo-fontello avia-iconfont avia-font-entypo-fontello'><span class='av-icon-char' data-av_icon='\ue897' data-av_iconfont='entypo-fontello' aria-hidden=\"true\"><\/span><\/div><article class=\"article-icon-entry av-iconlist-empty\"  itemscope=\"itemscope\" itemtype=\"https:\/\/schema.org\/CreativeWork\" ><div class=\"iconlist_content_wrap\"><header class=\"entry-content-header\" aria-label=\"Icon: Bor\u00e7lanarak Sat\u0131n Alma\"><h4 class='av_iconlist_title iconlist_title  '  itemprop=\"headline\" >Bor\u00e7lanarak Sat\u0131n Alma<\/h4><\/header><div class='iconlist_content '  itemprop=\"text\" ><\/div><\/div><footer class=\"entry-footer\"><\/footer><\/article><div class=\"iconlist-timeline\"><\/div><\/li>\n<li><div class='iconlist_icon av-av_iconlist_item-2931d66756ef4b7fb3166ef5ef5cb93a avia-font-entypo-fontello avia-iconfont avia-font-entypo-fontello'><span class='av-icon-char' data-av_icon='\ue897' data-av_iconfont='entypo-fontello' aria-hidden=\"true\"><\/span><\/div><article class=\"article-icon-entry av-iconlist-empty\"  itemscope=\"itemscope\" itemtype=\"https:\/\/schema.org\/CreativeWork\" ><div class=\"iconlist_content_wrap\"><header class=\"entry-content-header\" aria-label=\"Icon: Y\u00f6netim Sat\u0131n Alma \u0130\u015flemleri\"><h4 class='av_iconlist_title iconlist_title  '  itemprop=\"headline\" >Y\u00f6netim Sat\u0131n Alma \u0130\u015flemleri<\/h4><\/header><div class='iconlist_content '  itemprop=\"text\" ><\/div><\/div><footer class=\"entry-footer\"><\/footer><\/article><div class=\"iconlist-timeline\"><\/div><\/li>\n<li><div class='iconlist_icon av-av_iconlist_item-041f2658b57258cd90d32b0f2443a60f avia-font-entypo-fontello avia-iconfont avia-font-entypo-fontello'><span class='av-icon-char' data-av_icon='\ue897' data-av_iconfont='entypo-fontello' aria-hidden=\"true\"><\/span><\/div><article class=\"article-icon-entry av-iconlist-empty\"  itemscope=\"itemscope\" itemtype=\"https:\/\/schema.org\/CreativeWork\" ><div class=\"iconlist_content_wrap\"><header class=\"entry-content-header\" aria-label=\"Icon: Stratejik Birle\u015fmeler\"><h4 class='av_iconlist_title iconlist_title  '  itemprop=\"headline\" >Stratejik Birle\u015fmeler<\/h4><\/header><div class='iconlist_content '  itemprop=\"text\" ><\/div><\/div><footer class=\"entry-footer\"><\/footer><\/article><div class=\"iconlist-timeline\"><\/div><\/li>\n<li><div class='iconlist_icon av-av_iconlist_item-61bc7392f2d4251febf372ef3f688582 avia-font-entypo-fontello avia-iconfont avia-font-entypo-fontello'><span class='av-icon-char' data-av_icon='\ue897' data-av_iconfont='entypo-fontello' aria-hidden=\"true\"><\/span><\/div><article class=\"article-icon-entry av-iconlist-empty\"  itemscope=\"itemscope\" itemtype=\"https:\/\/schema.org\/CreativeWork\" ><div class=\"iconlist_content_wrap\"><header class=\"entry-content-header\" aria-label=\"Icon: Ortak Giri\u015fimler ve \u0130ttifaklar\"><h4 class='av_iconlist_title iconlist_title  '  itemprop=\"headline\" >Ortak Giri\u015fimler ve \u0130ttifaklar<\/h4><\/header><div class='iconlist_content '  itemprop=\"text\" ><\/div><\/div><footer class=\"entry-footer\"><\/footer><\/article><div class=\"iconlist-timeline\"><\/div><\/li>\n<\/ul><\/div><\/div><\/div><\/div><\/div><!-- close content main div --><\/div><\/div><\/div><div id='after_section_2'  class='main_color av_default_container_wrap container_wrap sidebar_right'  ><div class='container av-section-cont-open' ><div class='template-page content  av-content-small alpha units'><div class='post-entry post-entry-type-page post-entry-1177'><div class='entry-content-wrapper clearfix'><\/p>\n","protected":false},"excerpt":{"rendered":"","protected":false},"author":1,"featured_media":0,"parent":0,"menu_order":0,"comment_status":"closed","ping_status":"closed","template":"","meta":{"footnotes":""},"class_list":["post-1177","page","type-page","status-publish","hentry"],"_links":{"self":[{"href":"https:\/\/www.alys.com.tr\/tr\/wp-json\/wp\/v2\/pages\/1177","targetHints":{"allow":["GET"]}}],"collection":[{"href":"https:\/\/www.alys.com.tr\/tr\/wp-json\/wp\/v2\/pages"}],"about":[{"href":"https:\/\/www.alys.com.tr\/tr\/wp-json\/wp\/v2\/types\/page"}],"author":[{"embeddable":true,"href":"https:\/\/www.alys.com.tr\/tr\/wp-json\/wp\/v2\/users\/1"}],"replies":[{"embeddable":true,"href":"https:\/\/www.alys.com.tr\/tr\/wp-json\/wp\/v2\/comments?post=1177"}],"version-history":[{"count":3,"href":"https:\/\/www.alys.com.tr\/tr\/wp-json\/wp\/v2\/pages\/1177\/revisions"}],"predecessor-version":[{"id":1181,"href":"https:\/\/www.alys.com.tr\/tr\/wp-json\/wp\/v2\/pages\/1177\/revisions\/1181"}],"wp:attachment":[{"href":"https:\/\/www.alys.com.tr\/tr\/wp-json\/wp\/v2\/media?parent=1177"}],"curies":[{"name":"wp","href":"https:\/\/api.w.org\/{rel}","templated":true}]}}