{"id":1200,"date":"2016-05-11T13:48:44","date_gmt":"2016-05-11T13:48:44","guid":{"rendered":"http:\/\/www.alys.com.tr\/contact\/"},"modified":"2024-01-25T13:58:08","modified_gmt":"2024-01-25T13:58:08","slug":"contact","status":"publish","type":"page","link":"https:\/\/www.alys.com.tr\/tr\/contact\/","title":{"rendered":"\u0130leti\u015fim"},"content":{"rendered":"<div id='av_section_1'  class='avia-section av-4e67wp-3712211e003e84aaa3ec494e678a6570 main_color avia-section-large avia-no-border-styling  avia-builder-el-0  el_before_av_section  avia-builder-el-first  avia-bg-style-scroll container_wrap sidebar_right'  ><div class='container av-section-cont-open' ><main  role=\"main\" itemprop=\"mainContentOfPage\"  class='template-page content  av-content-small alpha units'><div class='post-entry post-entry-type-page post-entry-1200'><div class='entry-content-wrapper clearfix'>\n\n<style type=\"text\/css\" data-created_by=\"avia_inline_auto\" id=\"style-css-av-k65h0ts5-2fa95f685ea4b2989dc75078645a6086\">\n#top .av-special-heading.av-k65h0ts5-2fa95f685ea4b2989dc75078645a6086{\npadding-bottom:30px;\ncolor:#8a8a8c;\nfont-size:50px;\n}\nbody .av-special-heading.av-k65h0ts5-2fa95f685ea4b2989dc75078645a6086 .av-special-heading-tag .heading-char{\nfont-size:25px;\n}\n#top #wrap_all .av-special-heading.av-k65h0ts5-2fa95f685ea4b2989dc75078645a6086 .av-special-heading-tag{\nfont-size:50px;\n}\n.av-special-heading.av-k65h0ts5-2fa95f685ea4b2989dc75078645a6086 .special-heading-inner-border{\nborder-color:#8a8a8c;\n}\n.av-special-heading.av-k65h0ts5-2fa95f685ea4b2989dc75078645a6086 .av-subheading{\nfont-size:15px;\n}\n\n@media only screen and (min-width: 480px) and (max-width: 767px){ \n#top #wrap_all .av-special-heading.av-k65h0ts5-2fa95f685ea4b2989dc75078645a6086 .av-special-heading-tag{\nfont-size:0.8em;\n}\n}\n\n@media only screen and (max-width: 479px){ \n#top #wrap_all .av-special-heading.av-k65h0ts5-2fa95f685ea4b2989dc75078645a6086 .av-special-heading-tag{\nfont-size:0.8em;\n}\n}\n<\/style>\n<div  class='av-special-heading av-k65h0ts5-2fa95f685ea4b2989dc75078645a6086 av-special-heading-h1 custom-color-heading blockquote modern-quote modern-centered  avia-builder-el-1  el_before_av_hr  avia-builder-el-first  av-thin-font av-inherit-size'><h1 class='av-special-heading-tag '  itemprop=\"headline\"  >\u0130leti\u015fim<strong>.<\/strong><\/h1><div class=\"special-heading-border\"><div class=\"special-heading-inner-border\"><\/div><\/div><\/div>\n\n<style type=\"text\/css\" data-created_by=\"avia_inline_auto\" id=\"style-css-av-75g55-c3b3da1500481e0096937bbd33bce905\">\n#top .hr.hr-invisible.av-75g55-c3b3da1500481e0096937bbd33bce905{\nheight:50px;\n}\n<\/style>\n<div  class='hr av-75g55-c3b3da1500481e0096937bbd33bce905 hr-invisible  avia-builder-el-2  el_after_av_heading  el_before_av_one_full '><span class='hr-inner '><span class=\"hr-inner-style\"><\/span><\/span><\/div>\n\n<style type=\"text\/css\" data-created_by=\"avia_inline_auto\" id=\"style-css-av-3zze8x-0e77728629b141f0878f5a78490972c4\">\n.flex_column.av-3zze8x-0e77728629b141f0878f5a78490972c4{\nborder-radius:0px 0px 0px 0px;\npadding:0px 0px 0px 0px;\n}\n<\/style>\n<div  class='flex_column av-3zze8x-0e77728629b141f0878f5a78490972c4 av_one_full  avia-builder-el-3  el_after_av_hr  el_before_av_one_third  first flex_column_div av-zero-column-padding  '     ><style type=\"text\/css\" data-created_by=\"avia_inline_auto\" id=\"style-css-av-dryk9-a4876fd29bf6468821fd14f9ecf88452\">\n#top .av_textblock_section.av-dryk9-a4876fd29bf6468821fd14f9ecf88452 .avia_textblock{\ncolor:#cecdcc;\n}\n<\/style>\n<section  class='av_textblock_section av-dryk9-a4876fd29bf6468821fd14f9ecf88452 '   itemscope=\"itemscope\" itemtype=\"https:\/\/schema.org\/CreativeWork\" ><div class='avia_textblock av_inherit_color'  itemprop=\"text\" ><h1 style=\"text-align: center;\">Alys cap\u0131tal partners&#8217;a g\u00f6sterdi\u011finiz ilgiden dolay\u0131 te\u015fekk\u00fcr ederiz.<\/h1>\n<\/div><\/section><\/div>\n<style type=\"text\/css\" data-created_by=\"avia_inline_auto\" id=\"style-css-av-3zze8x-0e77728629b141f0878f5a78490972c4\">\n.flex_column.av-3zze8x-0e77728629b141f0878f5a78490972c4{\nborder-radius:0px 0px 0px 0px;\npadding:0px 0px 0px 0px;\n}\n<\/style>\n<div  class='flex_column av-3zze8x-0e77728629b141f0878f5a78490972c4 av_one_third  avia-builder-el-5  el_after_av_one_full  el_before_av_one_third  first flex_column_div av-zero-column-padding  column-top-margin'     ><style type=\"text\/css\" data-created_by=\"avia_inline_auto\" id=\"style-css-av-jgpjrjam-50c8a80f11998c9de6c4b4eb2f5c0838\">\n.iconbox.av-jgpjrjam-50c8a80f11998c9de6c4b4eb2f5c0838 .iconbox_icon{\ncolor:#fbaf3f;\n}\n.iconbox.av-jgpjrjam-50c8a80f11998c9de6c4b4eb2f5c0838 .iconbox_icon.avia-svg-icon svg:first-child{\nfill:#fbaf3f;\nstroke:#fbaf3f;\n}\n#top #wrap_all .iconbox.av-jgpjrjam-50c8a80f11998c9de6c4b4eb2f5c0838 .iconbox_content_title{\ncolor:#fbaf3f;\n}\n.iconbox.av-jgpjrjam-50c8a80f11998c9de6c4b4eb2f5c0838 .iconbox_content_container{\ncolor:#8a8a8c;\n}\n<\/style>\n<article  class='iconbox iconbox_top av-jgpjrjam-50c8a80f11998c9de6c4b4eb2f5c0838 av-no-box  avia-builder-el-6  avia-builder-el-no-sibling '  itemscope=\"itemscope\" itemtype=\"https:\/\/schema.org\/CreativeWork\" ><div class=\"iconbox_content\"><header class=\"entry-content-header\" aria-label=\"Icon: adres\"><div class='iconbox_icon heading-color avia-iconfont avia-font-entypo-fontello' data-av_icon='\ue842' data-av_iconfont='entypo-fontello'  ><\/div><h3 class='iconbox_content_title '  itemprop=\"headline\" >adres<\/h3><\/header><div class='iconbox_content_container av_inherit_color'  itemprop=\"text\" ><h5>S\u00fcleyman Seba Cad. 79\/1 Be\u015fikta\u015f, Istanbul \u2013 Turkey<\/h5>\n<\/div><\/div><footer class=\"entry-footer\"><\/footer><\/article><\/div>\n<style type=\"text\/css\" data-created_by=\"avia_inline_auto\" id=\"style-css-av-3rth89-3d44ee85aa026f17050dcf766d296e4e\">\n.flex_column.av-3rth89-3d44ee85aa026f17050dcf766d296e4e{\nborder-radius:0px 0px 0px 0px;\npadding:0px 0px 0px 0px;\n}\n<\/style>\n<div  class='flex_column av-3rth89-3d44ee85aa026f17050dcf766d296e4e av_one_third  avia-builder-el-7  el_after_av_one_third  el_before_av_one_third  flex_column_div av-zero-column-padding  column-top-margin'     ><style type=\"text\/css\" data-created_by=\"avia_inline_auto\" id=\"style-css-av-jgpjrjam-91ba063027c6cd566294bc707f1a16f4\">\n.iconbox.av-jgpjrjam-91ba063027c6cd566294bc707f1a16f4 .iconbox_icon{\ncolor:#fbaf3f;\n}\n.iconbox.av-jgpjrjam-91ba063027c6cd566294bc707f1a16f4 .iconbox_icon.avia-svg-icon svg:first-child{\nfill:#fbaf3f;\nstroke:#fbaf3f;\n}\n#top #wrap_all .iconbox.av-jgpjrjam-91ba063027c6cd566294bc707f1a16f4 .iconbox_content_title{\ncolor:#fbaf3f;\n}\n.iconbox.av-jgpjrjam-91ba063027c6cd566294bc707f1a16f4 .iconbox_content_container{\ncolor:#8a8a8c;\n}\n<\/style>\n<article  class='iconbox iconbox_top av-jgpjrjam-91ba063027c6cd566294bc707f1a16f4 av-no-box  avia-builder-el-8  avia-builder-el-no-sibling '  itemscope=\"itemscope\" itemtype=\"https:\/\/schema.org\/CreativeWork\" ><div class=\"iconbox_content\"><header class=\"entry-content-header\" aria-label=\"Icon: Telefon\"><div class='iconbox_icon heading-color avia-iconfont avia-font-entypo-fontello' data-av_icon='\ue854' data-av_iconfont='entypo-fontello'  ><\/div><h3 class='iconbox_content_title '  itemprop=\"headline\" >Telefon<\/h3><\/header><div class='iconbox_content_container av_inherit_color'  itemprop=\"text\" ><h5>+90 (212) 939 21 74\u202c<\/h5>\n<\/div><\/div><footer class=\"entry-footer\"><\/footer><\/article><\/div>\n<style type=\"text\/css\" data-created_by=\"avia_inline_auto\" id=\"style-css-av-3rth89-3d44ee85aa026f17050dcf766d296e4e\">\n.flex_column.av-3rth89-3d44ee85aa026f17050dcf766d296e4e{\nborder-radius:0px 0px 0px 0px;\npadding:0px 0px 0px 0px;\n}\n<\/style>\n<div  class='flex_column av-3rth89-3d44ee85aa026f17050dcf766d296e4e av_one_third  avia-builder-el-9  el_after_av_one_third  avia-builder-el-last  flex_column_div av-zero-column-padding  column-top-margin'     ><style type=\"text\/css\" data-created_by=\"avia_inline_auto\" id=\"style-css-av-jgpjrjam-ec2b9e8a6bc3549dd4a1547a2b3db82d\">\n.iconbox.av-jgpjrjam-ec2b9e8a6bc3549dd4a1547a2b3db82d .iconbox_icon{\ncolor:#fbaf3f;\n}\n.iconbox.av-jgpjrjam-ec2b9e8a6bc3549dd4a1547a2b3db82d .iconbox_icon.avia-svg-icon svg:first-child{\nfill:#fbaf3f;\nstroke:#fbaf3f;\n}\n#top #wrap_all .iconbox.av-jgpjrjam-ec2b9e8a6bc3549dd4a1547a2b3db82d .iconbox_content_title{\ncolor:#fbaf3f;\n}\n.iconbox.av-jgpjrjam-ec2b9e8a6bc3549dd4a1547a2b3db82d .iconbox_content_container{\ncolor:#8a8a8c;\n}\n<\/style>\n<article  class='iconbox iconbox_top av-jgpjrjam-ec2b9e8a6bc3549dd4a1547a2b3db82d av-no-box  avia-builder-el-10  avia-builder-el-no-sibling '  itemscope=\"itemscope\" itemtype=\"https:\/\/schema.org\/CreativeWork\" ><div class=\"iconbox_content\"><header class=\"entry-content-header\" aria-label=\"Icon: e-mail\"><div class='iconbox_icon heading-color avia-iconfont avia-font-entypo-fontello' data-av_icon='\ue805' data-av_iconfont='entypo-fontello'  ><\/div><h3 class='iconbox_content_title '  itemprop=\"headline\" >e-mail<\/h3><\/header><div class='iconbox_content_container av_inherit_color'  itemprop=\"text\" ><h5>info@alys.com.tr\u202c<\/h5>\n<\/div><\/div><footer class=\"entry-footer\"><\/footer><\/article><\/div><\/div><\/div><\/main><!-- close content main element --><\/div><\/div>\n<style type=\"text\/css\" data-created_by=\"avia_inline_auto\" id=\"style-css-av-34f90h-1f947b0220d80fc7bcf434180442973c\">\n.avia-section.av-34f90h-1f947b0220d80fc7bcf434180442973c{\nbackground-repeat:no-repeat;\nbackground-image:url(https:\/\/www.alys.com.tr\/wp-content\/uploads\/2018\/05\/slider8.jpg);\nbackground-position:50% 50%;\nbackground-attachment:fixed;\n}\n.avia-section.av-34f90h-1f947b0220d80fc7bcf434180442973c .av-section-color-overlay{\nopacity:0.8;\nbackground-color:#000000;\n}\n<\/style>\n<div id='av_section_2'  class='avia-section av-34f90h-1f947b0220d80fc7bcf434180442973c alternate_color avia-section-huge avia-no-border-styling  avia-builder-el-11  el_after_av_section  el_before_av_google_map  avia-full-stretch avia-bg-style-fixed av-section-color-overlay-active container_wrap sidebar_right'  data-section-bg-repeat='stretch'><div class=\"av-section-color-overlay-wrap\"><div class=\"av-section-color-overlay\"><\/div><div class='container av-section-cont-open' ><div class='template-page content  av-content-small alpha units'><div class='post-entry post-entry-type-page post-entry-1200'><div class='entry-content-wrapper clearfix'>\n\n<style type=\"text\/css\" data-created_by=\"avia_inline_auto\" id=\"style-css-av-2vsmwx-6cf03a6b83553d62fda18f7bdeb713c3\">\n.flex_column.av-2vsmwx-6cf03a6b83553d62fda18f7bdeb713c3{\nborder-radius:0px 0px 0px 0px;\npadding:0px 0px 0px 0px;\n}\n<\/style>\n<div  class='flex_column av-2vsmwx-6cf03a6b83553d62fda18f7bdeb713c3 av_three_fifth  avia-builder-el-12  el_before_av_two_fifth  avia-builder-el-first  first flex_column_div av-zero-column-padding  '     ><p>\n<style type=\"text\/css\" data-created_by=\"avia_inline_auto\" id=\"style-css-av-k65h3g43-aa6e88cc1620c63ef4a3aaaec399fcfd\">\n#top .av-special-heading.av-k65h3g43-aa6e88cc1620c63ef4a3aaaec399fcfd{\npadding-bottom:20px;\nfont-size:50px;\n}\nbody .av-special-heading.av-k65h3g43-aa6e88cc1620c63ef4a3aaaec399fcfd .av-special-heading-tag .heading-char{\nfont-size:25px;\n}\n#top #wrap_all .av-special-heading.av-k65h3g43-aa6e88cc1620c63ef4a3aaaec399fcfd .av-special-heading-tag{\nfont-size:50px;\n}\n.av-special-heading.av-k65h3g43-aa6e88cc1620c63ef4a3aaaec399fcfd .av-subheading{\nfont-size:15px;\n}\n\n@media only screen and (min-width: 480px) and (max-width: 767px){ \n#top #wrap_all .av-special-heading.av-k65h3g43-aa6e88cc1620c63ef4a3aaaec399fcfd .av-special-heading-tag{\nfont-size:0.8em;\n}\n}\n\n@media only screen and (max-width: 479px){ \n#top #wrap_all .av-special-heading.av-k65h3g43-aa6e88cc1620c63ef4a3aaaec399fcfd .av-special-heading-tag{\nfont-size:0.8em;\n}\n}\n<\/style>\n<div  class='av-special-heading av-k65h3g43-aa6e88cc1620c63ef4a3aaaec399fcfd av-special-heading-h1 blockquote modern-quote modern-centered  avia-builder-el-13  el_before_av_contact  avia-builder-el-first  av-thin-font av-inherit-size'><h1 class='av-special-heading-tag '  itemprop=\"headline\"  >Bize Ula\u015f\u0131n<strong>.<\/strong><\/h1><div class=\"special-heading-border\"><div class=\"special-heading-inner-border\"><\/div><\/div><\/div><br \/>\n<form action=\"https:\/\/www.alys.com.tr\/tr\/contact\/\" method=\"post\" data-fields-with-error=\"Found errors in the following field(s):\" class=\"avia_ajax_form av-form-labels-hidden   avia-builder-el-14  el_after_av_heading  avia-builder-el-last  av-custom-form-color av-light-form \" data-avia-form-id=\"1\" data-avia-redirect='' ><fieldset><p class='  first_form  form_element form_element_half' id='element_avia_1_1'><label for=\"avia_1_1\">\u0130sim <abbr class=\"required\" title=\"Zorunlu\">*<\/abbr><\/label> <input name=\"avia_1_1\" class=\"text_input is_empty\" type=\"text\" id=\"avia_1_1\" value=\"\"  placeholder='\u0130sim*'\/><\/p><p class='  form_element form_element_half' id='element_avia_2_1'><label for=\"avia_2_1\">E-Mail <abbr class=\"required\" title=\"Zorunlu\">*<\/abbr><\/label> <input name=\"avia_2_1\" class=\"text_input is_email\" type=\"text\" id=\"avia_2_1\" value=\"\"  placeholder='E-Mail*'\/><\/p><p class='  first_form  form_element form_fullwidth' id='element_avia_3_1'><label for=\"avia_3_1\">Konu <abbr class=\"required\" title=\"Zorunlu\">*<\/abbr><\/label> <input name=\"avia_3_1\" class=\"text_input is_empty\" type=\"text\" id=\"avia_3_1\" value=\"\"  placeholder='Konu*'\/><\/p><p class='  first_form  form_element form_fullwidth' id='element_avia_4_1'><label for=\"avia_4_1\" class=\"textare_label hidden textare_label_avia_4_1\">Mesaj <abbr class=\"required\" title=\"Zorunlu\">*<\/abbr><\/label><textarea  placeholder='Mesaj*' name=\"avia_4_1\" class=\"text_area is_empty\" cols=\"40\" rows=\"7\" id=\"avia_4_1\" ><\/textarea><\/p><p class=\"hidden\"><input type=\"text\" name=\"avia_5_1\" class=\"hidden \" id=\"avia_5_1\" value=\"\" \/><\/p><p class='   form_element form_fullwidth' id='element_avia_6_1'><span class='value_verifier_label'>1 + 0 = ?<\/span><input name=\"avia_6_1_verifier\" type=\"hidden\" id=\"avia_6_1_verifier\" value=\"217411675\"\/><label for=\"avia_6_1\">L\u00fctfen denklemi \u00e7\u00f6zerek insan oldu\u011funuzu kan\u0131tlay\u0131n\u0131z <abbr class=\"required\" title=\"Zorunlu\">*<\/abbr><\/label><input name=\"avia_6_1\" class=\"text_input captcha\" type=\"text\" id=\"avia_6_1\" value=\"\"\/><\/p><p class=\"form_element \"><input type=\"hidden\" value=\"1\" name=\"avia_generated_form1\" \/><input type=\"submit\" value=\"G\u00f6nder\" class=\"button\"  data-sending-label=\"G\u00f6nderiliyor\"\/><\/p><\/fieldset><\/form><div id=\"ajaxresponse_1\" class=\"ajaxresponse ajaxresponse_1 hidden\"><\/div><\/p><\/div>\n<style type=\"text\/css\" data-created_by=\"avia_inline_auto\" id=\"style-css-av-1oww2h-a1604985e4a1b0249f74e15184ace3fb\">\n.flex_column.av-1oww2h-a1604985e4a1b0249f74e15184ace3fb{\nborder-radius:0px 0px 0px 0px;\npadding:0px 0px 0px 0px;\n}\n<\/style>\n<div  class='flex_column av-1oww2h-a1604985e4a1b0249f74e15184ace3fb av_two_fifth  avia-builder-el-15  el_after_av_three_fifth  avia-builder-el-last  flex_column_div av-zero-column-padding  '     ><p>\n<style type=\"text\/css\" data-created_by=\"avia_inline_auto\" id=\"style-css-av-k65h5a2u-3868aa98b482f2f20e4025d753b247cf\">\n#top .av-special-heading.av-k65h5a2u-3868aa98b482f2f20e4025d753b247cf{\npadding-bottom:20px;\nfont-size:50px;\n}\nbody .av-special-heading.av-k65h5a2u-3868aa98b482f2f20e4025d753b247cf .av-special-heading-tag .heading-char{\nfont-size:25px;\n}\n#top #wrap_all .av-special-heading.av-k65h5a2u-3868aa98b482f2f20e4025d753b247cf .av-special-heading-tag{\nfont-size:50px;\n}\n.av-special-heading.av-k65h5a2u-3868aa98b482f2f20e4025d753b247cf .av-subheading{\nfont-size:15px;\n}\n\n@media only screen and (min-width: 480px) and (max-width: 767px){ \n#top #wrap_all .av-special-heading.av-k65h5a2u-3868aa98b482f2f20e4025d753b247cf .av-special-heading-tag{\nfont-size:0.8em;\n}\n}\n\n@media only screen and (max-width: 479px){ \n#top #wrap_all .av-special-heading.av-k65h5a2u-3868aa98b482f2f20e4025d753b247cf .av-special-heading-tag{\nfont-size:0.8em;\n}\n}\n<\/style>\n<div  class='av-special-heading av-k65h5a2u-3868aa98b482f2f20e4025d753b247cf av-special-heading-h1 blockquote modern-quote modern-centered  avia-builder-el-16  el_before_av_textblock  avia-builder-el-first  av-thin-font av-inherit-size'><h1 class='av-special-heading-tag '  itemprop=\"headline\"  >KAR\u0130YER<strong>.<\/strong><\/h1><div class=\"special-heading-border\"><div class=\"special-heading-inner-border\"><\/div><\/div><\/div><br \/>\n\n<style type=\"text\/css\" data-created_by=\"avia_inline_auto\" id=\"style-css-av-1hk9u1-a9881fbd3a865ef95f4dc825fe4b1e9d\">\n#top .av_textblock_section.av-1hk9u1-a9881fbd3a865ef95f4dc825fe4b1e9d .avia_textblock{\ncolor:#ffffff;\n}\n<\/style>\n<section  class='av_textblock_section av-1hk9u1-a9881fbd3a865ef95f4dc825fe4b1e9d '   itemscope=\"itemscope\" itemtype=\"https:\/\/schema.org\/CreativeWork\" ><div class='avia_textblock av_inherit_color'  itemprop=\"text\" ><p>ALYS Capital Partners&#8217;\u0131n temel g\u00fcc\u00fc insand\u0131r. Amac\u0131m\u0131z \u00e7al\u0131\u015fanlar\u0131m\u0131za yat\u0131r\u0131m yaparak, \u015firketimizi onlarla beraber b\u00fcy\u00fctmek ve geli\u015ftirmek i\u00e7in bir ortam yaratmakt\u0131r.<\/p>\n<\/div><\/section><\/p><\/div>\n<\/p>\n<div  class='av_gmaps_sc_main_wrap av_gmaps_main_wrap '><div id='av_gmap_0' class='avia-google-map-container avia-google-map-sc av_gmaps_show_unconditionally av-no-fallback-img ' data-mapid='av_gmap_0'  style='height: 400px;'><a class=\"av_gmaps_browser_disabled av_text_confirm_link av_text_confirm_link_visible\" href=\"https:\/\/www.google.com\/maps\/search\/?api=1&#038;query=Harbiye%20Mahallesi,%20Cumhuriyet%20Cd.%20No:40,%2034367%20\u015ei\u015fli\/\u0130stanbul,%20Turkey\" target=\"_blank\">Maps were disabled by the visitor on this site. Click to open the map in a new window.<\/a><\/div><\/div>\n","protected":false},"excerpt":{"rendered":"","protected":false},"author":1,"featured_media":0,"parent":0,"menu_order":0,"comment_status":"closed","ping_status":"closed","template":"","meta":{"footnotes":""},"class_list":["post-1200","page","type-page","status-publish","hentry"],"_links":{"self":[{"href":"https:\/\/www.alys.com.tr\/tr\/wp-json\/wp\/v2\/pages\/1200","targetHints":{"allow":["GET"]}}],"collection":[{"href":"https:\/\/www.alys.com.tr\/tr\/wp-json\/wp\/v2\/pages"}],"about":[{"href":"https:\/\/www.alys.com.tr\/tr\/wp-json\/wp\/v2\/types\/page"}],"author":[{"embeddable":true,"href":"https:\/\/www.alys.com.tr\/tr\/wp-json\/wp\/v2\/users\/1"}],"replies":[{"embeddable":true,"href":"https:\/\/www.alys.com.tr\/tr\/wp-json\/wp\/v2\/comments?post=1200"}],"version-history":[{"count":2,"href":"https:\/\/www.alys.com.tr\/tr\/wp-json\/wp\/v2\/pages\/1200\/revisions"}],"predecessor-version":[{"id":1295,"href":"https:\/\/www.alys.com.tr\/tr\/wp-json\/wp\/v2\/pages\/1200\/revisions\/1295"}],"wp:attachment":[{"href":"https:\/\/www.alys.com.tr\/tr\/wp-json\/wp\/v2\/media?parent=1200"}],"curies":[{"name":"wp","href":"https:\/\/api.w.org\/{rel}","templated":true}]}}